{"id":168,"date":"2025-08-26T12:32:24","date_gmt":"2025-08-26T10:32:24","guid":{"rendered":"http:\/\/the-guardian-motorcycles.com\/?page_id=168"},"modified":"2025-08-26T12:39:02","modified_gmt":"2025-08-26T10:39:02","slug":"a-propos-2","status":"publish","type":"page","link":"https:\/\/test.the-guardian-motorcycles.com\/?page_id=168","title":{"rendered":"A Propos"},"content":{"rendered":"\t\t<div data-elementor-type=\"wp-page\" data-elementor-id=\"168\" class=\"elementor elementor-168\">\n\t\t\t\t<div class=\"elementor-element elementor-element-8f56ef9 e-flex e-con-boxed e-con e-parent\" data-id=\"8f56ef9\" data-element_type=\"container\">\n\t\t\t\t\t<div class=\"e-con-inner\">\n\t\t<div class=\"elementor-element elementor-element-15e73bc e-con-full e-flex e-con e-child\" data-id=\"15e73bc\" data-element_type=\"container\">\n\t\t\t\t<div class=\"elementor-element elementor-element-97e0cd1 elementor-invisible elementor-widget elementor-widget-heading\" data-id=\"97e0cd1\" data-element_type=\"widget\" data-settings=\"{&quot;_animation&quot;:&quot;fadeInDown&quot;}\" data-widget_type=\"heading.default\">\n\t\t\t\t\t<h2 class=\"elementor-heading-title elementor-size-default\">D\u00e9couvrez nos accessoires pour motards et leurs motos<\/h2>\t\t\t\t<\/div>\n\t\t\t\t<div class=\"elementor-element elementor-element-0361c61 elementor-widget elementor-widget-text-editor\" data-id=\"0361c61\" data-element_type=\"widget\" data-widget_type=\"text-editor.default\">\n\t\t\t\t\t\t\t\t\t<p>Parcourez notre s\u00e9lection de produits de qualit\u00e9 et trouvez l&rsquo;accessoire parfait pour vous et votre moto. Faites confiance \u00e0 The Guardian Motorcycles pour \u00e9quiper votre passion.<\/p>\t\t\t\t\t\t\t\t<\/div>\n\t\t\t\t<div class=\"elementor-element elementor-element-dab033e elementor-align-center elementor-widget elementor-widget-button\" data-id=\"dab033e\" data-element_type=\"widget\" data-widget_type=\"button.default\">\n\t\t\t\t\t\t\t\t\t\t<a class=\"elementor-button elementor-button-link elementor-size-sm\" href=\"#\">\n\t\t\t\t\t\t<span class=\"elementor-button-content-wrapper\">\n\t\t\t\t\t\t\t\t\t<span class=\"elementor-button-text\">D\u00e9couvrez<\/span>\n\t\t\t\t\t<\/span>\n\t\t\t\t\t<\/a>\n\t\t\t\t\t\t\t\t<\/div>\n\t\t\t\t<\/div>\n\t\t<div class=\"elementor-element elementor-element-49d53ba e-con-full e-flex e-con e-child\" data-id=\"49d53ba\" data-element_type=\"container\">\n\t\t\t\t<div class=\"elementor-element elementor-element-671caa7 elementor-widget elementor-widget-image\" data-id=\"671caa7\" data-element_type=\"widget\" data-widget_type=\"image.default\">\n\t\t\t\t\t\t\t\t\t\t\t\t\t\t\t<img fetchpriority=\"high\" decoding=\"async\" width=\"636\" height=\"382\" src=\"http:\/\/test.the-guardian-motorcycles.com\/wp-content\/uploads\/2025\/08\/29097464.webp\" class=\"attachment-large size-large wp-image-63\" alt=\"\" srcset=\"http:\/\/test.the-guardian-motorcycles.com\/wp-content\/uploads\/2025\/08\/29097464.webp 636w, http:\/\/test.the-guardian-motorcycles.com\/wp-content\/uploads\/2025\/08\/29097464-300x180.webp 300w, http:\/\/test.the-guardian-motorcycles.com\/wp-content\/uploads\/2025\/08\/29097464-600x360.webp 600w\" sizes=\"(max-width: 636px) 100vw, 636px\" \/>\t\t\t\t\t\t\t\t\t\t\t\t\t\t\t<\/div>\n\t\t\t\t<\/div>\n\t\t\t\t\t<\/div>\n\t\t\t\t<\/div>\n\t\t\t\t<\/div>\n\t\t","protected":false},"excerpt":{"rendered":"<p>D\u00e9couvrez nos accessoires pour motards et leurs motos Parcourez notre s\u00e9lection de produits de qualit\u00e9 et trouvez l&rsquo;accessoire parfait pour vous et votre moto. Faites confiance \u00e0 The Guardian Motorcycles pour \u00e9quiper votre passion. D\u00e9couvrez<\/p>\n","protected":false},"author":2,"featured_media":0,"parent":0,"menu_order":0,"comment_status":"closed","ping_status":"closed","template":"","meta":{"footnotes":""},"class_list":["post-168","page","type-page","status-publish","hentry"],"jetpack_sharing_enabled":true,"_links":{"self":[{"href":"https:\/\/test.the-guardian-motorcycles.com\/index.php?rest_route=\/wp\/v2\/pages\/168","targetHints":{"allow":["GET"]}}],"collection":[{"href":"https:\/\/test.the-guardian-motorcycles.com\/index.php?rest_route=\/wp\/v2\/pages"}],"about":[{"href":"https:\/\/test.the-guardian-motorcycles.com\/index.php?rest_route=\/wp\/v2\/types\/page"}],"author":[{"embeddable":true,"href":"https:\/\/test.the-guardian-motorcycles.com\/index.php?rest_route=\/wp\/v2\/users\/2"}],"replies":[{"embeddable":true,"href":"https:\/\/test.the-guardian-motorcycles.com\/index.php?rest_route=%2Fwp%2Fv2%2Fcomments&post=168"}],"version-history":[{"count":4,"href":"https:\/\/test.the-guardian-motorcycles.com\/index.php?rest_route=\/wp\/v2\/pages\/168\/revisions"}],"predecessor-version":[{"id":174,"href":"https:\/\/test.the-guardian-motorcycles.com\/index.php?rest_route=\/wp\/v2\/pages\/168\/revisions\/174"}],"wp:attachment":[{"href":"https:\/\/test.the-guardian-motorcycles.com\/index.php?rest_route=%2Fwp%2Fv2%2Fmedia&parent=168"}],"curies":[{"name":"wp","href":"https:\/\/api.w.org\/{rel}","templated":true}]}}