{"id":77,"date":"2025-08-25T16:44:07","date_gmt":"2025-08-25T14:44:07","guid":{"rendered":"http:\/\/the-guardian-motorcycles.com\/?page_id=77"},"modified":"2025-08-25T17:09:14","modified_gmt":"2025-08-25T15:09:14","slug":"elementor-page-77","status":"publish","type":"page","link":"https:\/\/test.the-guardian-motorcycles.com\/?page_id=77","title":{"rendered":"Contact"},"content":{"rendered":"\t\t<div data-elementor-type=\"wp-page\" data-elementor-id=\"77\" class=\"elementor elementor-77\">\n\t\t\t\t<div class=\"elementor-element elementor-element-2de454f7 e-con-full e-flex e-con e-parent\" data-id=\"2de454f7\" data-element_type=\"container\">\n\t\t<div class=\"elementor-element elementor-element-664d218b e-con-full e-flex e-con e-child\" data-id=\"664d218b\" data-element_type=\"container\" data-settings=\"{&quot;background_background&quot;:&quot;classic&quot;}\">\n\t\t\t\t<div class=\"elementor-element elementor-element-2ea81a73 elementor-widget elementor-widget-text-editor\" data-id=\"2ea81a73\" data-element_type=\"widget\" data-widget_type=\"text-editor.default\">\n\t\t\t\t\t\t\t\t\t<p>\u2714\ufe0f Livraison gratuite \u2714\ufe0f <i class=\"website-rendering-icon-ok\"><\/i>Paiement s\u00e9curis\u00e9<\/p>\t\t\t\t\t\t\t\t<\/div>\n\t\t\t\t<\/div>\n\t\t<div class=\"elementor-element elementor-element-1dc7e48b e-con-full e-flex e-con e-child\" data-id=\"1dc7e48b\" data-element_type=\"container\" data-settings=\"{&quot;background_background&quot;:&quot;classic&quot;}\">\n\t\t\t\t<div class=\"elementor-element elementor-element-59249b23 elementor-widget__width-initial elementor-widget elementor-widget-image\" data-id=\"59249b23\" data-element_type=\"widget\" data-widget_type=\"image.default\">\n\t\t\t\t\t\t\t\t\t\t\t\t\t\t\t<img decoding=\"async\" src=\"https:\/\/test.the-guardian-motorcycles.com\/wp-content\/uploads\/2025\/08\/Logo-blanc.webp\" title=\"Logo blanc\" alt=\"Logo blanc\" loading=\"lazy\" \/>\t\t\t\t\t\t\t\t\t\t\t\t\t\t\t<\/div>\n\t\t\t\t<div class=\"elementor-element elementor-element-602ba747 elementor-widget__width-initial elementor-widget elementor-widget-heading\" data-id=\"602ba747\" data-element_type=\"widget\" data-widget_type=\"heading.default\">\n\t\t\t\t\t<h2 class=\"elementor-heading-title elementor-size-default\">The Guardian Motorcycles<\/h2>\t\t\t\t<\/div>\n\t\t<div class=\"elementor-element elementor-element-3f150d9c e-con-full e-flex e-con e-child\" data-id=\"3f150d9c\" data-element_type=\"container\">\n\t\t\t\t<div class=\"elementor-element elementor-element-15360e2f elementor-view-default elementor-widget elementor-widget-icon\" data-id=\"15360e2f\" data-element_type=\"widget\" data-widget_type=\"icon.default\">\n\t\t\t\t\t\t\t<div class=\"elementor-icon-wrapper\">\n\t\t\t<a class=\"elementor-icon\" href=\"?page_id=9\">\n\t\t\t<svg aria-hidden=\"true\" class=\"e-font-icon-svg e-fas-cart-arrow-down\" viewBox=\"0 0 576 512\" xmlns=\"http:\/\/www.w3.org\/2000\/svg\"><path d=\"M504.717 320H211.572l6.545 32h268.418c15.401 0 26.816 14.301 23.403 29.319l-5.517 24.276C523.112 414.668 536 433.828 536 456c0 31.202-25.519 56.444-56.824 55.994-29.823-.429-54.35-24.631-55.155-54.447-.44-16.287 6.085-31.049 16.803-41.548H231.176C241.553 426.165 248 440.326 248 456c0 31.813-26.528 57.431-58.67 55.938-28.54-1.325-51.751-24.385-53.251-52.917-1.158-22.034 10.436-41.455 28.051-51.586L93.883 64H24C10.745 64 0 53.255 0 40V24C0 10.745 10.745 0 24 0h102.529c11.401 0 21.228 8.021 23.513 19.19L159.208 64H551.99c15.401 0 26.816 14.301 23.403 29.319l-47.273 208C525.637 312.246 515.923 320 504.717 320zM403.029 192H360v-60c0-6.627-5.373-12-12-12h-24c-6.627 0-12 5.373-12 12v60h-43.029c-10.691 0-16.045 12.926-8.485 20.485l67.029 67.029c4.686 4.686 12.284 4.686 16.971 0l67.029-67.029c7.559-7.559 2.205-20.485-8.486-20.485z\"><\/path><\/svg>\t\t\t<\/a>\n\t\t<\/div>\n\t\t\t\t\t\t<\/div>\n\t\t\t\t<div class=\"elementor-element elementor-element-17fc9617 elementor-widget__width-auto elementor-widget elementor-widget-text-editor\" data-id=\"17fc9617\" data-element_type=\"widget\" data-widget_type=\"text-editor.default\">\n\t\t\t\t\t\t\t\t\t<p><a href=\"?page_id=77\">CONTACT<\/a><\/p>\t\t\t\t\t\t\t\t<\/div>\n\t\t\t\t<div class=\"elementor-element elementor-element-20b7c4b3 elementor-widget__width-auto elementor-widget elementor-widget-text-editor\" data-id=\"20b7c4b3\" data-element_type=\"widget\" data-widget_type=\"text-editor.default\">\n\t\t\t\t\t\t\t\t\t<p><a href=\"http:\/\/the-guardian-motorcycles.com\/?page_id=46\">\u00c0 PROPOS<\/a><\/p>\t\t\t\t\t\t\t\t<\/div>\n\t\t\t\t<div class=\"elementor-element elementor-element-511ed61f elementor-widget__width-auto elementor-widget elementor-widget-text-editor\" data-id=\"511ed61f\" data-element_type=\"widget\" data-widget_type=\"text-editor.default\">\n\t\t\t\t\t\t\t\t\t<p><a href=\"http:\/\/the-guardian-motorcycles.com\/?page_id=18\">BOUTIQUE<\/a><\/p>\t\t\t\t\t\t\t\t<\/div>\n\t\t\t\t<div class=\"elementor-element elementor-element-51ebd3ac elementor-widget__width-auto elementor-widget elementor-widget-text-editor\" data-id=\"51ebd3ac\" data-element_type=\"widget\" data-widget_type=\"text-editor.default\">\n\t\t\t\t\t\t\t\t\t<p><a href=\"http:\/\/the-guardian-motorcycles.com\/?page_id=18\">ACCUEIL<\/a><\/p>\t\t\t\t\t\t\t\t<\/div>\n\t\t\t\t<\/div>\n\t\t\t\t<\/div>\n\t\t\t\t<\/div>\n\t\t<div class=\"elementor-element elementor-element-7436d4b e-flex e-con-boxed e-con e-parent\" data-id=\"7436d4b\" data-element_type=\"container\">\n\t\t\t\t\t<div class=\"e-con-inner\">\n\t\t\t\t<div class=\"elementor-element elementor-element-3c23107 elementor-widget elementor-widget-heading\" data-id=\"3c23107\" data-element_type=\"widget\" data-widget_type=\"heading.default\">\n\t\t\t\t\t<h2 class=\"elementor-heading-title elementor-size-default\">Contactez-nous<\/h2>\t\t\t\t<\/div>\n\t\t\t\t<div class=\"elementor-element elementor-element-90d6f80 elementor-widget elementor-widget-text-editor\" data-id=\"90d6f80\" data-element_type=\"widget\" data-widget_type=\"text-editor.default\">\n\t\t\t\t\t\t\t\t\t<p>Besoin d&rsquo;aide pour passer commande ou des conseils sur nos produits? Contactez-nous via le formulaire ci-dessous.<\/p>\t\t\t\t\t\t\t\t<\/div>\n\t\t\t\t\t<\/div>\n\t\t\t\t<\/div>\n\t\t<div class=\"elementor-element elementor-element-0e3715c e-flex e-con-boxed e-con e-parent\" data-id=\"0e3715c\" data-element_type=\"container\">\n\t\t\t\t\t<div class=\"e-con-inner\">\n\t\t\t\t<div class=\"elementor-element elementor-element-823f17f elementor-widget elementor-widget-wpforms\" data-id=\"823f17f\" data-element_type=\"widget\" data-widget_type=\"wpforms.default\">\n\t\t\t\t<div class=\"elementor-widget-container\">\n\t\t\t\t\t<div class=\"wpforms-container wpforms-container-full wpforms-render-modern\" id=\"wpforms-83\"><form id=\"wpforms-form-83\" class=\"wpforms-validate wpforms-form wpforms-ajax-form\" data-formid=\"83\" method=\"post\" enctype=\"multipart\/form-data\" action=\"\/index.php?rest_route=%2Fwp%2Fv2%2Fpages%2F77\" data-token=\"8eae311f28b7709f611ff9f079b3ee03\" data-token-time=\"1776765432\"><noscript class=\"wpforms-error-noscript\">Veuillez activer JavaScript dans votre navigateur pour remplir ce formulaire.<\/noscript><div id=\"wpforms-error-noscript\" style=\"display: none;\">Veuillez activer JavaScript dans votre navigateur pour remplir ce formulaire.<\/div><div class=\"wpforms-field-container\"><div id=\"wpforms-83-field_1-container\" class=\"wpforms-field wpforms-field-name\" data-field-id=\"1\"><fieldset><legend class=\"wpforms-field-label\">Nom <span class=\"wpforms-required-label\" aria-hidden=\"true\">*<\/span><\/legend><div class=\"wpforms-field-row wpforms-field-medium\"><div class=\"wpforms-field-row-block wpforms-first wpforms-one-half\"><input type=\"text\" id=\"wpforms-83-field_1\" class=\"wpforms-field-name-first wpforms-field-required\" name=\"wpforms[fields][1][first]\" aria-errormessage=\"wpforms-83-field_1-error\" required><label for=\"wpforms-83-field_1\" class=\"wpforms-field-sublabel after\">Pr\u00e9nom<\/label><\/div><div class=\"wpforms-field-row-block wpforms-one-half\"><input type=\"text\" id=\"wpforms-83-field_1-last\" class=\"wpforms-field-name-last wpforms-field-required\" name=\"wpforms[fields][1][last]\" aria-errormessage=\"wpforms-83-field_1-last-error\" required><label for=\"wpforms-83-field_1-last\" class=\"wpforms-field-sublabel after\">Nom<\/label><\/div><\/div><\/fieldset><\/div><div id=\"wpforms-83-field_2-container\" class=\"wpforms-field wpforms-field-email\" data-field-id=\"2\"><label class=\"wpforms-field-label\" for=\"wpforms-83-field_2\">E-mail <span class=\"wpforms-required-label\" aria-hidden=\"true\">*<\/span><\/label><input type=\"email\" id=\"wpforms-83-field_2\" class=\"wpforms-field-medium wpforms-field-required\" name=\"wpforms[fields][2]\" spellcheck=\"false\" aria-errormessage=\"wpforms-83-field_2-error\" required><\/div>\t\t<div id=\"wpforms-83-field_4-container\"\n\t\t\tclass=\"wpforms-field wpforms-field-text\"\n\t\t\tdata-field-type=\"text\"\n\t\t\tdata-field-id=\"4\"\n\t\t\t>\n\t\t\t<label class=\"wpforms-field-label\" for=\"wpforms-83-field_4\" >message Commentaire E-mail<\/label>\n\t\t\t<input type=\"text\" id=\"wpforms-83-field_4\" class=\"wpforms-field-medium\" name=\"wpforms[fields][4]\" >\n\t\t<\/div>\n\t\t<div id=\"wpforms-83-field_3-container\" class=\"wpforms-field wpforms-field-textarea\" data-field-id=\"3\"><label class=\"wpforms-field-label\" for=\"wpforms-83-field_3\">Commentaire ou message<\/label><textarea id=\"wpforms-83-field_3\" class=\"wpforms-field-medium\" name=\"wpforms[fields][3]\" aria-errormessage=\"wpforms-83-field_3-error\" ><\/textarea><\/div><script>\n\t\t\t\t( function() {\n\t\t\t\t\tconst style = document.createElement( 'style' );\n\t\t\t\t\tstyle.appendChild( document.createTextNode( '#wpforms-83-field_4-container { position: absolute !important; overflow: hidden !important; display: inline !important; height: 1px !important; width: 1px !important; z-index: -1000 !important; padding: 0 !important; } #wpforms-83-field_4-container input { visibility: hidden; } #wpforms-conversational-form-page #wpforms-83-field_4-container label { counter-increment: none; }' ) );\n\t\t\t\t\tdocument.head.appendChild( style );\n\t\t\t\t\tdocument.currentScript?.remove();\n\t\t\t\t} )();\n\t\t\t<\/script><\/div><!-- .wpforms-field-container --><div class=\"wpforms-submit-container\" ><input type=\"hidden\" name=\"wpforms[id]\" value=\"83\"><input type=\"hidden\" name=\"page_title\" value=\"\"><input type=\"hidden\" name=\"page_url\" value=\"https:\/\/test.the-guardian-motorcycles.com\/index.php?rest_route=\/wp\/v2\/pages\/77\"><input type=\"hidden\" name=\"url_referer\" value=\"\"><button type=\"submit\" name=\"wpforms[submit]\" id=\"wpforms-submit-83\" class=\"wpforms-submit\" data-alt-text=\"Envoi...\" data-submit-text=\"Envoyer\" aria-live=\"assertive\" value=\"wpforms-submit\">Envoyer<\/button><img decoding=\"async\" src=\"https:\/\/test.the-guardian-motorcycles.com\/wp-content\/plugins\/wpforms-lite\/assets\/images\/submit-spin.svg\" class=\"wpforms-submit-spinner\" style=\"display: none;\" width=\"26\" height=\"26\" alt=\"Chargement en cours\"><\/div><\/form><\/div>  <!-- .wpforms-container -->\t\t\t\t<\/div>\n\t\t\t\t<\/div>\n\t\t\t\t\t<\/div>\n\t\t\t\t<\/div>\n\t\t<div class=\"elementor-element elementor-element-17f6c6b1 e-grid e-con-full e-con e-parent\" data-id=\"17f6c6b1\" data-element_type=\"container\" data-settings=\"{&quot;background_background&quot;:&quot;classic&quot;}\">\n\t\t\t\t<div class=\"elementor-element elementor-element-421a1ab3 elementor-widget elementor-widget-text-editor\" data-id=\"421a1ab3\" data-element_type=\"widget\" data-widget_type=\"text-editor.default\">\n\t\t\t\t\t\t\t\t\t<p>\u00a9 2025 The Guardian Motorcycles<\/p>\t\t\t\t\t\t\t\t<\/div>\n\t\t\t\t<\/div>\n\t\t\t\t<\/div>\n\t\t","protected":false},"excerpt":{"rendered":"<p>\u2714\ufe0f Livraison gratuite \u2714\ufe0f Paiement s\u00e9curis\u00e9 The Guardian Motorcycles CONTACT \u00c0 PROPOS BOUTIQUE ACCUEIL Contactez-nous Besoin d&rsquo;aide pour passer commande ou des conseils sur nos produits? Contactez-nous via le formulaire ci-dessous. Veuillez activer JavaScript dans votre navigateur pour remplir ce formulaire.Veuillez activer JavaScript dans votre navigateur pour remplir ce formulaire. Nom * Pr\u00e9nomNom E-mail *Commentaire [&hellip;]<\/p>\n","protected":false},"author":2,"featured_media":0,"parent":0,"menu_order":0,"comment_status":"closed","ping_status":"closed","template":"elementor_canvas","meta":{"footnotes":""},"class_list":["post-77","page","type-page","status-publish","hentry"],"jetpack_sharing_enabled":true,"_links":{"self":[{"href":"https:\/\/test.the-guardian-motorcycles.com\/index.php?rest_route=\/wp\/v2\/pages\/77","targetHints":{"allow":["GET"]}}],"collection":[{"href":"https:\/\/test.the-guardian-motorcycles.com\/index.php?rest_route=\/wp\/v2\/pages"}],"about":[{"href":"https:\/\/test.the-guardian-motorcycles.com\/index.php?rest_route=\/wp\/v2\/types\/page"}],"author":[{"embeddable":true,"href":"https:\/\/test.the-guardian-motorcycles.com\/index.php?rest_route=\/wp\/v2\/users\/2"}],"replies":[{"embeddable":true,"href":"https:\/\/test.the-guardian-motorcycles.com\/index.php?rest_route=%2Fwp%2Fv2%2Fcomments&post=77"}],"version-history":[{"count":25,"href":"https:\/\/test.the-guardian-motorcycles.com\/index.php?rest_route=\/wp\/v2\/pages\/77\/revisions"}],"predecessor-version":[{"id":164,"href":"https:\/\/test.the-guardian-motorcycles.com\/index.php?rest_route=\/wp\/v2\/pages\/77\/revisions\/164"}],"wp:attachment":[{"href":"https:\/\/test.the-guardian-motorcycles.com\/index.php?rest_route=%2Fwp%2Fv2%2Fmedia&parent=77"}],"curies":[{"name":"wp","href":"https:\/\/api.w.org\/{rel}","templated":true}]}}